{"id":59,"date":"2019-12-03T10:07:14","date_gmt":"2019-12-03T10:07:14","guid":{"rendered":"https:\/\/wpocean.com\/wp\/hostar\/?page_id=59"},"modified":"2020-10-28T17:10:18","modified_gmt":"2020-10-28T15:10:18","slug":"home-2","status":"publish","type":"page","link":"https:\/\/www.up2cloud.eu\/","title":{"rendered":"Home"},"content":{"rendered":"\t\t<div data-elementor-type=\"wp-page\" data-elementor-id=\"59\" class=\"elementor elementor-59\" data-elementor-settings=\"[]\">\n\t\t\t\t\t\t<div class=\"elementor-inner\">\n\t\t\t\t\t\t\t<div class=\"elementor-section-wrap\">\n\t\t\t\t\t\t\t<section class=\"elementor-section elementor-top-section elementor-element elementor-element-8a216db elementor-section-full_width elementor-section-height-default elementor-section-height-default\" data-id=\"8a216db\" data-element_type=\"section\" data-settings=\"{&quot;background_background&quot;:&quot;gradient&quot;}\">\n\t\t\t\t\t\t\t<div class=\"elementor-background-overlay\"><\/div>\n\t\t\t\t\t\t\t<div class=\"elementor-container elementor-column-gap-no\">\n\t\t\t\t\t\t\t<div class=\"elementor-row\">\n\t\t\t\t\t<div class=\"elementor-column elementor-col-100 elementor-top-column elementor-element elementor-element-d94acfc\" data-id=\"d94acfc\" data-element_type=\"column\">\n\t\t\t<div class=\"elementor-column-wrap elementor-element-populated\">\n\t\t\t\t\t\t\t<div class=\"elementor-widget-wrap\">\n\t\t\t\t\t\t<div class=\"elementor-element elementor-element-57adda0 elementor-widget elementor-widget-tmx-hostar_banner\" data-id=\"57adda0\" data-element_type=\"widget\" data-settings=\"{&quot;hero_image&quot;:{&quot;url&quot;:&quot;http:\\\/\\\/wpocean.com\\\/wp\\\/hostar\\\/wp-content\\\/uploads\\\/2020\\\/03\\\/hero-2vec.png&quot;,&quot;id&quot;:729},&quot;bg_image&quot;:{&quot;url&quot;:&quot;&quot;,&quot;id&quot;:&quot;&quot;}}\" data-widget_type=\"tmx-hostar_banner.default\">\n\t\t\t\t<div class=\"elementor-widget-container\">\n\t\t\t\t\t<div class=\"wpo-hero-area  wpo-hero-style-2\" >\n\t    <div class=\"container\">\n\t        <div class=\"row\">\n\t            <div class=\"col col-lg-6 col-md-7\">\n\t                <div class=\"wpo-hero-text\">\n\t                     <div class=\"wpo-hero-title\"><h2>Bezpe\u010dn\u00e9 \u00falo\u017eisko pre va\u0161e d\u00e1ta<\/h2><\/div><div class=\"wpo-hero-para\"><p>Poskytujeme bezkonkuren\u010dn\u00fd webhosting, virtu\u00e1lne servery a virtu\u00e1lne d\u00e1tov\u00e9 centr\u00e1\n<\/p><\/div>\t                    <div class=\"btns\">\n\t                        \t                    <\/div>\n\t                <\/div>\n\t            <\/div>\n\t        <\/div>\n\t    <\/div> <!-- end container -->\n\t    <div class=\"right-vec\"  style=\"background-image: url( https:\/\/www.up2cloud.eu\/wp-content\/uploads\/2020\/03\/hero-2vec.png );\">\n\t    <\/div>\n\t<\/div>\n\t\t\t\t<\/div>\n\t\t\t\t<\/div>\n\t\t\t\t\t\t<\/div>\n\t\t\t\t\t<\/div>\n\t\t<\/div>\n\t\t\t\t\t\t\t\t<\/div>\n\t\t\t\t\t<\/div>\n\t\t<\/section>\n\t\t\t\t<section class=\"elementor-section elementor-top-section elementor-element elementor-element-b97a3a7 elementor-section-boxed elementor-section-height-default elementor-section-height-default\" data-id=\"b97a3a7\" data-element_type=\"section\">\n\t\t\t\t\t\t<div class=\"elementor-container elementor-column-gap-default\">\n\t\t\t\t\t\t\t<div class=\"elementor-row\">\n\t\t\t\t\t<div class=\"elementor-column elementor-col-100 elementor-top-column elementor-element elementor-element-37f82ab\" data-id=\"37f82ab\" data-element_type=\"column\">\n\t\t\t<div class=\"elementor-column-wrap elementor-element-populated\">\n\t\t\t\t\t\t\t<div class=\"elementor-widget-wrap\">\n\t\t\t\t\t\t<div class=\"elementor-element elementor-element-e53720d elementor-widget elementor-widget-tmx-hostar_domain\" data-id=\"e53720d\" data-element_type=\"widget\" data-widget_type=\"tmx-hostar_domain.default\">\n\t\t\t\t<div class=\"elementor-widget-container\">\n\t\t\t\t\t<div class=\"wpo-search-section\">\n\t    <div class=\"wpo-search-wrap sda-form-area\">\n\t        <div class=\"wpo-search-area\">\n\t        \t<div id='domain-form' class='hostar-form'>\n\t\t<div id='hostar-style' >\n\t\t\t<form method='post' action='#' id='form' class='clearfix pure-form domain-search-form'>\n\t\t\t\t<div>\n\t\t\t\t\t<input type='hidden' name='item_id' value=''>\n\t\t\t\t\t<input type='hidden' name='tld' value=''>\n\t\t     \t\t<input type='text' class='iddomainname form-control' autocomplete='off' id='Search' name='domain' placeholder='Zadajte n\u00e1zov dom\u00e9ny'>\n\n\t\t\t\t<\/div>\n\t\t\t\t<div>\n\t\t\t\t<input id='find' type='submit' value='Vyh\u013eada\u0165 dom\u00e9nu'>\n\t\t\t\t<\/div>\n\t\t<\/form>\n\n\t\t<div id='loading'><img src='https:\/\/www.up2cloud.eu\/wp-content\/themes\/hostar\/assets\/images\/domain-checker\/load.gif' alt><\/div>\n\t\t<div class='domain-search-result' style='max-width:900px;'>\n\t\t\t<div id='results' class='result large'><\/div>\n\t\t<\/div>\n\t\t<\/div>\n\t<\/div>\t            <div class=\"wpo-host-list\">\n\t                <ul>\n\t                \t<li><span>.sk <\/span>6,80 \u20ac<\/li><li><span>.eu <\/span>3,90 \u20ac<\/li><li><span>.net <\/span>9,60 \u20ac<\/li><li><span>.cz <\/span>6,50 \u20ac<\/li><li><span>.info <\/span>11,50 \u20ac<\/li><li><span>.biz <\/span>12,50 \u20ac<\/li>\t                <\/ul>\n\t            <\/div>\n\t        <\/div>\n\t    <\/div>\n\t<\/div>\n\n\t\t\t<\/div>\n\t\t\t\t<\/div>\n\t\t\t\t\t\t<\/div>\n\t\t\t\t\t<\/div>\n\t\t<\/div>\n\t\t\t\t\t\t\t\t<\/div>\n\t\t\t\t\t<\/div>\n\t\t<\/section>\n\t\t\t\t<section class=\"elementor-section elementor-top-section elementor-element elementor-element-a4944c6 elementor-section-full_width elementor-section-height-default elementor-section-height-default\" data-id=\"a4944c6\" data-element_type=\"section\">\n\t\t\t\t\t\t<div class=\"elementor-container elementor-column-gap-no\">\n\t\t\t\t\t\t\t<div class=\"elementor-row\">\n\t\t\t\t\t<div class=\"elementor-column elementor-col-100 elementor-top-column elementor-element elementor-element-44d68b2\" data-id=\"44d68b2\" data-element_type=\"column\">\n\t\t\t<div class=\"elementor-column-wrap elementor-element-populated\">\n\t\t\t\t\t\t\t<div class=\"elementor-widget-wrap\">\n\t\t\t\t\t\t<div class=\"elementor-element elementor-element-14a731e elementor-widget elementor-widget-tmx-hostar_feature\" data-id=\"14a731e\" data-element_type=\"widget\" data-widget_type=\"tmx-hostar_feature.default\">\n\t\t\t\t<div class=\"elementor-widget-container\">\n\t\t\t\t\t<div class=\"hostar-feature wpo-features-area\">\n      <div class=\"container\">\n      \t        <div class=\"row\">\n          \t\t\t        <div class=\"col-md-4 col-sm-6 custom-grid col-12\">\n\t\t\t        \t\t               \t<div class=\"wpo-features-item\">\n\t               \t\t                    <div class=\"wpo-features-single\">\n\t                        <div class=\"wpo-features-icon\">\n\t                           <i class='fi flaticon-support'><\/i>\t                        <\/div>\n\t                        <div class=\"wpo-features-text\">\n\t                        \t<h2>24\/7 Technick\u00e1 podpora &nbsp; &nbsp; &nbsp; &nbsp; &nbsp;<\/h2><p>Preto\u017ee na va\u0161ej spokojnosti n\u00e1m z\u00e1le\u017e\u00ed, sme tu pre v\u00e1s kedyko\u013evek prostredn\u00edctvom helpdesku.<\/p>\t                        <\/div>\n\t                    <\/div>\n\t                    \t                    <div class=\"wpo-features-img\">\n\t                        <img src=\"https:\/\/www.up2cloud.eu\/wp-content\/uploads\/2019\/12\/feature-3.png\" alt=\"\">\t                    <\/div>\n\t                    \t               \t\t<\/div>\n\t               \t\t            <\/div>\n            \t\t\t        <div class=\"col-md-4 col-sm-6 custom-grid col-12\">\n\t\t\t        \t\t               \t<div class=\"wpo-features-item\">\n\t               \t\t                    <div class=\"wpo-features-single\">\n\t                        <div class=\"wpo-features-icon\">\n\t                           <i class='fi flaticon-label'><\/i>\t                        <\/div>\n\t                        <div class=\"wpo-features-text\">\n\t                        \t<h2>99% Garantovan\u00e1 dostupnos\u0165<\/h2><p>Aby boli va\u0161e d\u00e1ta st\u00e1le v bezpe\u010d\u00ed a dostupn\u00e9 aj v pr\u00edpade nepredv\u00eddan\u00fdch okolnost\u00ed, m\u00e1me ich umiestnene v dvoch d\u00e1tov\u00fdch centr\u00e1ch.<\/p>\t                        <\/div>\n\t                    <\/div>\n\t                    \t                    <div class=\"wpo-features-img\">\n\t                        <img src=\"https:\/\/www.up2cloud.eu\/wp-content\/uploads\/2019\/12\/feature-2.png\" alt=\"\">\t                    <\/div>\n\t                    \t               \t\t<\/div>\n\t               \t\t            <\/div>\n            \t\t\t        <div class=\"col-md-4 col-sm-6 custom-grid col-12\">\n\t\t\t        \t\t               \t<div class=\"wpo-features-item\">\n\t               \t\t                    <div class=\"wpo-features-single\">\n\t                        <div class=\"wpo-features-icon\">\n\t                           <i class='fi flaticon-startup'><\/i>\t                        <\/div>\n\t                        <div class=\"wpo-features-text\">\n\t                        \t<h2>R\u00fdchle na\u010d\u00edtavanie obsahu &nbsp; &nbsp; &nbsp;<\/h2><p>Aby sme v\u00e1m mohli poskytn\u00fa\u0165 maxim\u00e1lny z\u00e1\u017eitok pri pr\u00e1ci s na\u0161imi d\u00e1tami, sme pripojen\u00ed do internetu prostredn\u00edctvom optickej siete.<\/p>\t                        <\/div>\n\t                    <\/div>\n\t                    \t                    <div class=\"wpo-features-img\">\n\t                        <img src=\"https:\/\/www.up2cloud.eu\/wp-content\/uploads\/2019\/12\/feature-1.png\" alt=\"\">\t                    <\/div>\n\t                    \t               \t\t<\/div>\n\t               \t\t            <\/div>\n                    <\/div>\n               <\/div>\n\t\t<\/div>\n\t\t\t\t<\/div>\n\t\t\t\t<\/div>\n\t\t\t\t\t\t<\/div>\n\t\t\t\t\t<\/div>\n\t\t<\/div>\n\t\t\t\t\t\t\t\t<\/div>\n\t\t\t\t\t<\/div>\n\t\t<\/section>\n\t\t\t\t<section class=\"elementor-section elementor-top-section elementor-element elementor-element-ea3c156 elementor-section-boxed elementor-section-height-default elementor-section-height-default\" data-id=\"ea3c156\" data-element_type=\"section\">\n\t\t\t\t\t\t<div class=\"elementor-container elementor-column-gap-no\">\n\t\t\t\t\t\t\t<div class=\"elementor-row\">\n\t\t\t\t\t<div class=\"elementor-column elementor-col-100 elementor-top-column elementor-element elementor-element-af322cf\" data-id=\"af322cf\" data-element_type=\"column\">\n\t\t\t<div class=\"elementor-column-wrap elementor-element-populated\">\n\t\t\t\t\t\t\t<div class=\"elementor-widget-wrap\">\n\t\t\t\t\t\t<div class=\"elementor-element elementor-element-d836813 elementor-widget elementor-widget-tmx-hostar_title\" data-id=\"d836813\" data-element_type=\"widget\" data-widget_type=\"tmx-hostar_title.default\">\n\t\t\t\t<div class=\"elementor-widget-container\">\n\t\t\t\t\t \t<div class=\"col col-lg-12\">\n\t\t\t\t<div class=\"section-title\">\n\t\t\t\t\t <h2>Na\u0161e slu\u017eby<\/h2><p>To \u010do rob\u00edme, rob\u00edme s l\u00e1skou a dlh\u00e9 roky tak\u017ee v\u00e1m vieme zaru\u010di\u0165 \u017ee od n\u00e1s dostanete len to najlep\u0161ie.<\/p>\t\t    <\/div>\n\t\t \t<\/div>\n\t\t\t\t<\/div>\n\t\t\t\t<\/div>\n\t\t\t\t<div class=\"elementor-element elementor-element-64b94e2 elementor-widget elementor-widget-tmx-hostar_service\" data-id=\"64b94e2\" data-element_type=\"widget\" data-widget_type=\"tmx-hostar_service.default\">\n\t\t\t\t<div class=\"elementor-widget-container\">\n\t\t\t\t\t<div class=\"wpo-service-area\">\n    \t<div class=\"container\">\n       <div class=\"row\">\n\t \t\t\t\t        <div class=\"col-lg-4 col-sm-6 col-12 custom-grid\">\n              <div class=\"wpo-service-item\">\n                  <div class=\"wpo-service-icon\">\n                                       <\/div>\n                  <div class=\"wpo-service-text\">\n                     <h2><a href=\"https:\/\/www.up2cloud.eu\/index.php\/service\/dedikovany-server\/\">Dedikovan\u00fd server<\/a><\/h2><p>Ak potrebujete prev\u00e1dzkova\u0165 slu\u017ebu so \u0161pecifick\u00fdmi potrebami ale nechcete kupova\u0165 server za tis\u00edce eur, t\u00e1to slu\u017eba je pre v\u00e1s ako stvoren\u00e1.<\/p>                  <\/div>\n              <\/div>\n          <\/div>\n\t\t       \t        <div class=\"col-lg-4 col-sm-6 col-12 custom-grid\">\n              <div class=\"wpo-service-item\">\n                  <div class=\"wpo-service-icon\">\n                                       <\/div>\n                  <div class=\"wpo-service-text\">\n                     <h2><a href=\"https:\/\/www.up2cloud.eu\/index.php\/service\/cloud-hosting\/\">Virtu\u00e1lna serverov\u0148a<\/a><\/h2><p>Cloud je slu\u017eba, ktor\u00e1 v\u00e1m umo\u017en\u00ed zbavi\u0165 sa starost\u00ed s prev\u00e1dzkou fyzick\u00fdch serverov a zn\u00ed\u017ei v\u00e1m n\u00e1klady na mzdy odborn\u00fdch pracovn\u00edkov.<\/p>                  <\/div>\n              <\/div>\n          <\/div>\n\t\t       \t        <div class=\"col-lg-4 col-sm-6 col-12 custom-grid\">\n              <div class=\"wpo-service-item\">\n                  <div class=\"wpo-service-icon\">\n                                       <\/div>\n                  <div class=\"wpo-service-text\">\n                     <h2><a href=\"https:\/\/www.up2cloud.eu\/index.php\/service\/vps-server\/\">VPS server<\/a><\/h2><p>Tato slu\u017eba je ur\u010den\u00e1 pre be\u017en\u00e9 aplik\u00e1cie zalo\u017een\u00e9 na GNU\/Linux. Ako stvoren\u00fd na vlastn\u00fd po\u0161tov\u00fd server alebo prev\u00e1dzku intranetov\u00fdch aplik\u00e1cii. \u00a0 \u00a0 \u00a0 \u00a0 \u00a0 \u00a0 \u00a0 \u00a0 \u00a0 \u00a0 \u00a0 \u00a0 \u00a0 \u00a0 \u00a0<\/p>                  <\/div>\n              <\/div>\n          <\/div>\n\t\t       \t\t\t  \n\t\t\t\t<\/div>\n\t\t  <\/div>\n\t\t<\/div>\n\t\t\t\t<\/div>\n\t\t\t\t<\/div>\n\t\t\t\t\t\t<\/div>\n\t\t\t\t\t<\/div>\n\t\t<\/div>\n\t\t\t\t\t\t\t\t<\/div>\n\t\t\t\t\t<\/div>\n\t\t<\/section>\n\t\t\t\t<section class=\"elementor-section elementor-top-section elementor-element elementor-element-fb1a8a5 elementor-section-boxed elementor-section-height-default elementor-section-height-default\" data-id=\"fb1a8a5\" data-element_type=\"section\" data-settings=\"{&quot;background_background&quot;:&quot;classic&quot;}\">\n\t\t\t\t\t\t<div class=\"elementor-container elementor-column-gap-default\">\n\t\t\t\t\t\t\t<div class=\"elementor-row\">\n\t\t\t\t\t<div class=\"elementor-column elementor-col-100 elementor-top-column elementor-element elementor-element-37bdc90\" data-id=\"37bdc90\" data-element_type=\"column\">\n\t\t\t<div class=\"elementor-column-wrap\">\n\t\t\t\t\t\t\t<div class=\"elementor-widget-wrap\">\n\t\t\t\t\t\t\t\t<\/div>\n\t\t\t\t\t<\/div>\n\t\t<\/div>\n\t\t\t\t\t\t\t\t<\/div>\n\t\t\t\t\t<\/div>\n\t\t<\/section>\n\t\t\t\t<section class=\"elementor-section elementor-top-section elementor-element elementor-element-b2a8231 elementor-section-boxed elementor-section-height-default elementor-section-height-default\" data-id=\"b2a8231\" data-element_type=\"section\">\n\t\t\t\t\t\t<div class=\"elementor-container elementor-column-gap-default\">\n\t\t\t\t\t\t\t<div class=\"elementor-row\">\n\t\t\t\t\t<div class=\"elementor-column elementor-col-100 elementor-top-column elementor-element elementor-element-3d54a1c\" data-id=\"3d54a1c\" data-element_type=\"column\">\n\t\t\t<div class=\"elementor-column-wrap elementor-element-populated\">\n\t\t\t\t\t\t\t<div class=\"elementor-widget-wrap\">\n\t\t\t\t\t\t<div class=\"elementor-element elementor-element-d7abc4b elementor-widget elementor-widget-tmx-hostar_title\" data-id=\"d7abc4b\" data-element_type=\"widget\" data-widget_type=\"tmx-hostar_title.default\">\n\t\t\t\t<div class=\"elementor-widget-container\">\n\t\t\t\t\t \t<div class=\"col col-lg-12\">\n\t\t\t\t<div class=\"section-title\">\n\t\t\t\t\t <h2>Najnov\u0161ie novinky<\/h2><p>Bu\u010fte s nami v spojen\u00ed a majte preh\u013ead o novink\u00e1ch ktor\u00e9 pre v\u00e1s nasadzujeme.\n\n<\/p>\t\t    <\/div>\n\t\t \t<\/div>\n\t\t\t\t<\/div>\n\t\t\t\t<\/div>\n\t\t\t\t<div class=\"elementor-element elementor-element-6698531 elementor-widget elementor-widget-wpo-hostar_blog\" data-id=\"6698531\" data-element_type=\"widget\" data-settings=\"{&quot;blog_column&quot;:&quot;col-3&quot;}\" data-widget_type=\"wpo-hostar_blog.default\">\n\t\t\t\t<div class=\"elementor-widget-container\">\n\t\t\t\n\t\t\t<div class=\"blog-section\">\n\t\t\t\t<div class=\"blog-grids\">\n\t       \t\t\t\t\t  <div class=\"page-pagination-wrap\">\n\t\t\t\t\t  <div class=\"paginations\"><\/div>\t\t\t\t\t  <\/div>\n\t\t\t\t\t\t\t   <\/div>\n\t\t<\/div>\n\n\t\t\t\t<\/div>\n\t\t\t\t<\/div>\n\t\t\t\t\t\t<\/div>\n\t\t\t\t\t<\/div>\n\t\t<\/div>\n\t\t\t\t\t\t\t\t<\/div>\n\t\t\t\t\t<\/div>\n\t\t<\/section>\n\t\t\t\t\t\t<\/div>\n\t\t\t\t\t\t<\/div>\n\t\t\t\t\t<\/div>\n\t\t","protected":false},"excerpt":{"rendered":"Bezpe\u010dn\u00e9 \u00falo\u017eisko pre va\u0161e d\u00e1ta Poskytujeme bezkonkuren\u010dn\u00fd webhosting, virtu\u00e1lne servery a virtu\u00e1lne d\u00e1tov\u00e9 centr\u00e1 .sk 6,80 \u20ac .eu 3,90 \u20ac .net 9,60 \u20ac .cz 6,50 \u20ac .info 11,50 \u20ac .biz 12,50 \u20ac 24\/7 Technick\u00e1 podpora &nbsp; &nbsp; &nbsp; &nbsp; &nbsp; Preto\u017ee na va\u0161ej spokojnosti n\u00e1m z\u00e1le\u017e\u00ed, sme tu pre v\u00e1s kedyko\u013evek prostredn\u00edctvom helpdesku. 99% Garantovan\u00e1 ","protected":false},"author":1,"featured_media":0,"parent":0,"menu_order":0,"comment_status":"closed","ping_status":"closed","template":"elementor_header_footer","meta":[],"_links":{"self":[{"href":"https:\/\/www.up2cloud.eu\/index.php\/wp-json\/wp\/v2\/pages\/59"}],"collection":[{"href":"https:\/\/www.up2cloud.eu\/index.php\/wp-json\/wp\/v2\/pages"}],"about":[{"href":"https:\/\/www.up2cloud.eu\/index.php\/wp-json\/wp\/v2\/types\/page"}],"author":[{"embeddable":true,"href":"https:\/\/www.up2cloud.eu\/index.php\/wp-json\/wp\/v2\/users\/1"}],"replies":[{"embeddable":true,"href":"https:\/\/www.up2cloud.eu\/index.php\/wp-json\/wp\/v2\/comments?post=59"}],"version-history":[{"count":72,"href":"https:\/\/www.up2cloud.eu\/index.php\/wp-json\/wp\/v2\/pages\/59\/revisions"}],"predecessor-version":[{"id":1057,"href":"https:\/\/www.up2cloud.eu\/index.php\/wp-json\/wp\/v2\/pages\/59\/revisions\/1057"}],"wp:attachment":[{"href":"https:\/\/www.up2cloud.eu\/index.php\/wp-json\/wp\/v2\/media?parent=59"}],"curies":[{"name":"wp","href":"https:\/\/api.w.org\/{rel}","templated":true}]}}