{"id":21,"date":"2019-11-27T09:54:25","date_gmt":"2019-11-27T09:54:25","guid":{"rendered":"https:\/\/wpocean.com\/wp\/hostar\/?page_id=21"},"modified":"2020-10-28T13:25:15","modified_gmt":"2020-10-28T11:25:15","slug":"contact","status":"publish","type":"page","link":"https:\/\/www.up2cloud.eu\/index.php\/contact\/","title":{"rendered":"Kontakt"},"content":{"rendered":"\t\t<div data-elementor-type=\"wp-page\" data-elementor-id=\"21\" class=\"elementor elementor-21\" data-elementor-settings=\"[]\">\n\t\t\t\t\t\t<div class=\"elementor-inner\">\n\t\t\t\t\t\t\t<div class=\"elementor-section-wrap\">\n\t\t\t\t\t\t\t<section class=\"elementor-section elementor-top-section elementor-element elementor-element-48c4226 elementor-section-boxed elementor-section-height-default elementor-section-height-default\" data-id=\"48c4226\" data-element_type=\"section\">\n\t\t\t\t\t\t<div class=\"elementor-container elementor-column-gap-default\">\n\t\t\t\t\t\t\t<div class=\"elementor-row\">\n\t\t\t\t\t<div class=\"elementor-column elementor-col-100 elementor-top-column elementor-element elementor-element-2959fc1\" data-id=\"2959fc1\" data-element_type=\"column\">\n\t\t\t<div class=\"elementor-column-wrap elementor-element-populated\">\n\t\t\t\t\t\t\t<div class=\"elementor-widget-wrap\">\n\t\t\t\t\t\t<div class=\"elementor-element elementor-element-ba5293b elementor-widget elementor-widget-wpo-hostar_contact_form\" data-id=\"ba5293b\" data-element_type=\"widget\" data-widget_type=\"wpo-hostar_contact_form.default\">\n\t\t\t\t<div class=\"elementor-widget-container\">\n\t\t\t\r\n\t\t<div class=\"wpo-contact-page-section\">\r\n\t        <div class=\"contact-title\">\r\n            \t<h2>Osta\u0148te s nami v spojen\u00ed<\/h2><p>Nev\u00e1hajte n\u00e1s kontaktova\u0165 ak m\u00e1te z\u00e1ujem o niektor\u00fa z na\u0161ich slu\u017eieb alebo sa chcete iba nez\u00e1v\u00e4zne informova\u0165.<\/p>\t        <\/div>\r\n\t        <div class=\"contact-form\">\r\n\t           <div role=\"form\" class=\"wpcf7\" id=\"wpcf7-f254-o1\" lang=\"en-US\" dir=\"ltr\">\n<div class=\"screen-reader-response\"><p role=\"status\" aria-live=\"polite\" aria-atomic=\"true\"><\/p> <ul><\/ul><\/div>\n<form action=\"\/index.php\/wp-json\/wp\/v2\/pages\/21#wpcf7-f254-o1\" method=\"post\" class=\"wpcf7-form init\" novalidate=\"novalidate\" data-status=\"init\">\n<div style=\"display: none;\">\n<input type=\"hidden\" name=\"_wpcf7\" value=\"254\" \/>\n<input type=\"hidden\" name=\"_wpcf7_version\" value=\"5.4.1\" \/>\n<input type=\"hidden\" name=\"_wpcf7_locale\" value=\"en_US\" \/>\n<input type=\"hidden\" name=\"_wpcf7_unit_tag\" value=\"wpcf7-f254-o1\" \/>\n<input type=\"hidden\" name=\"_wpcf7_container_post\" value=\"0\" \/>\n<input type=\"hidden\" name=\"_wpcf7_posted_data_hash\" value=\"\" \/>\n<\/div>\n<div class=\"one-third-col\"><span class=\"wpcf7-form-control-wrap text-473\"><input type=\"text\" name=\"text-473\" value=\"\" size=\"40\" class=\"wpcf7-form-control wpcf7-text wpcf7-validates-as-required form-control\" aria-required=\"true\" aria-invalid=\"false\" placeholder=\"Va\u0161e meno\" \/><\/span><\/div>\n<div class=\"one-third-col\"><span class=\"wpcf7-form-control-wrap email-568\"><input type=\"email\" name=\"email-568\" value=\"\" size=\"40\" class=\"wpcf7-form-control wpcf7-text wpcf7-email wpcf7-validates-as-required wpcf7-validates-as-email form-control\" aria-required=\"true\" aria-invalid=\"false\" placeholder=\"V\u00e1\u0161 e-mail\" \/><\/span><\/div>\n<div class=\"one-third-col\"><span class=\"wpcf7-form-control-wrap text-861\"><input type=\"text\" name=\"text-861\" value=\"\" size=\"40\" class=\"wpcf7-form-control wpcf7-text wpcf7-validates-as-required form-control\" aria-required=\"true\" aria-invalid=\"false\" placeholder=\"V\u00e1\u0161 telef\u00f3n\" \/><\/span><\/div>\n<div class=\"last-col\"><span class=\"wpcf7-form-control-wrap textarea-958\"><textarea name=\"textarea-958\" cols=\"40\" rows=\"10\" class=\"wpcf7-form-control wpcf7-textarea wpcf7-validates-as-required form-control\" aria-required=\"true\" aria-invalid=\"false\" placeholder=\"Sem nap\u00ed\u0161te \u010do v\u00e1s zauj\u00edma\"><\/textarea><\/span><\/div>\n<div class=\"submit-btn-wrapper\"><input type=\"submit\" value=\"Odosla\u0165 formul\u00e1r\" class=\"wpcf7-form-control wpcf7-submit theme-btn-s2\" \/><\/div>\n<div class=\"wpcf7-response-output\" aria-hidden=\"true\"><\/div><\/form><\/div>  \r\n\t        <\/div>\r\n\t    <\/div> \r\n\t\t<\/div>\r\n\t\t \t\t<\/div>\n\t\t\t\t<\/div>\n\t\t\t\t\t\t<\/div>\n\t\t\t\t\t<\/div>\n\t\t<\/div>\n\t\t\t\t\t\t\t\t<\/div>\n\t\t\t\t\t<\/div>\n\t\t<\/section>\n\t\t\t\t\t\t<\/div>\n\t\t\t\t\t\t<\/div>\n\t\t\t\t\t<\/div>\n\t\t","protected":false},"excerpt":{"rendered":"Osta\u0148te s nami v spojen\u00ed Nev\u00e1hajte n\u00e1s kontaktova\u0165 ak m\u00e1te z\u00e1ujem o niektor\u00fa z na\u0161ich slu\u017eieb alebo sa chcete iba nez\u00e1v\u00e4zne informova\u0165.","protected":false},"author":1,"featured_media":0,"parent":0,"menu_order":0,"comment_status":"closed","ping_status":"closed","template":"elementor_header_footer","meta":[],"_links":{"self":[{"href":"https:\/\/www.up2cloud.eu\/index.php\/wp-json\/wp\/v2\/pages\/21"}],"collection":[{"href":"https:\/\/www.up2cloud.eu\/index.php\/wp-json\/wp\/v2\/pages"}],"about":[{"href":"https:\/\/www.up2cloud.eu\/index.php\/wp-json\/wp\/v2\/types\/page"}],"author":[{"embeddable":true,"href":"https:\/\/www.up2cloud.eu\/index.php\/wp-json\/wp\/v2\/users\/1"}],"replies":[{"embeddable":true,"href":"https:\/\/www.up2cloud.eu\/index.php\/wp-json\/wp\/v2\/comments?post=21"}],"version-history":[{"count":23,"href":"https:\/\/www.up2cloud.eu\/index.php\/wp-json\/wp\/v2\/pages\/21\/revisions"}],"predecessor-version":[{"id":1008,"href":"https:\/\/www.up2cloud.eu\/index.php\/wp-json\/wp\/v2\/pages\/21\/revisions\/1008"}],"wp:attachment":[{"href":"https:\/\/www.up2cloud.eu\/index.php\/wp-json\/wp\/v2\/media?parent=21"}],"curies":[{"name":"wp","href":"https:\/\/api.w.org\/{rel}","templated":true}]}}