{"id":1029,"date":"2020-10-28T14:34:15","date_gmt":"2020-10-28T12:34:15","guid":{"rendered":"https:\/\/www.up2cloud.eu\/?page_id=1029"},"modified":"2020-10-28T14:49:45","modified_gmt":"2020-10-28T12:49:45","slug":"vps-server","status":"publish","type":"page","link":"https:\/\/www.up2cloud.eu\/index.php\/vps-server\/","title":{"rendered":"VPS server"},"content":{"rendered":"\t\t<div data-elementor-type=\"wp-page\" data-elementor-id=\"1029\" class=\"elementor elementor-1029\" data-elementor-settings=\"[]\">\n\t\t\t\t\t\t<div class=\"elementor-inner\">\n\t\t\t\t\t\t\t<div class=\"elementor-section-wrap\">\n\t\t\t\t\t\t\t<section class=\"elementor-section elementor-top-section elementor-element elementor-element-b06f279 elementor-section-boxed elementor-section-height-default elementor-section-height-default\" data-id=\"b06f279\" data-element_type=\"section\">\n\t\t\t\t\t\t<div class=\"elementor-container elementor-column-gap-default\">\n\t\t\t\t\t\t\t<div class=\"elementor-row\">\n\t\t\t\t\t<div class=\"elementor-column elementor-col-100 elementor-top-column elementor-element elementor-element-a0c9034\" data-id=\"a0c9034\" data-element_type=\"column\">\n\t\t\t<div class=\"elementor-column-wrap elementor-element-populated\">\n\t\t\t\t\t\t\t<div class=\"elementor-widget-wrap\">\n\t\t\t\t\t\t<div class=\"elementor-element elementor-element-7c2d64d elementor-widget elementor-widget-text-editor\" data-id=\"7c2d64d\" data-element_type=\"widget\" data-widget_type=\"text-editor.default\">\n\t\t\t\t<div class=\"elementor-widget-container\">\n\t\t\t\t\t\t\t\t<div class=\"elementor-text-editor elementor-clearfix\">\n\t\t\t\t\t<table>\n<thead>\n<tr>\n<th style=\"width: 20%;\"><\/th>\n<th style=\"width: 20%; text-align: center;\">Drobec<\/th>\n<th style=\"width: 20%; text-align: center;\">Pre nen\u00e1ro\u010dn\u00fdch<\/th>\n<th style=\"width: 20%; text-align: center;\">\u0160tandardn\u00e1 vo\u013eba<\/th>\n<th style=\"width: 20%; text-align: center;\">Pre n\u00e1ro\u010dn\u00fdch<\/th>\n<\/tr>\n<\/thead>\n<tbody>\n<tr>\n<td>Cena vr\u00e1tane DPH\n\/ mesiac<\/td>\n<td style=\"text-align: center;\">7,54 \u20ac<\/td>\n<td style=\"text-align: center;\">8,66 \u20ac<\/td>\n<td style=\"text-align: center;\">17,31 \u20ac<\/td>\n<td style=\"text-align: center;\">34,62 \u20ac<\/td>\n<\/tr>\n<tr>\n<td>Typ servera<\/td>\n<td style=\"text-align: center;\" colspan=\"4\">VPS<\/td>\n<\/tr>\n<tr>\n<td>Po\u010det procesorov<\/td>\n<td style=\"text-align: center;\">1 vCPU<\/td>\n<td style=\"text-align: center;\">1 vCPU<\/td>\n<td style=\"text-align: center;\">2 vCPU<\/td>\n<td style=\"text-align: center;\">4 vCPU<\/td>\n<\/tr>\n<tr>\n<td>Pam\u00e4\u0165<\/td>\n<td style=\"text-align: center;\">1 Gb<\/td>\n<td style=\"text-align: center;\">2 Gb<\/td>\n<td style=\"text-align: center;\">4 Gb<\/td>\n<td style=\"text-align: center;\">8 Gb<\/td>\n<\/tr>\n<tr>\n<td>Miesto pre d\u00e1ta<\/td>\n<td style=\"text-align: center;\">20 Gb<\/td>\n<td style=\"text-align: center;\">40 Gb<\/td>\n<td style=\"text-align: center;\">80 Gb<\/td>\n<td style=\"text-align: center;\">160 Gb<\/td>\n<\/tr>\n<tr>\n<td>Miesto pre z\u00e1lohy<\/td>\n<td style=\"text-align: center;\" colspan=\"4\">K dispoz\u00edcii s\u00fa z\u00e1lohy cel\u00e9ho servera z predo\u0161l\u00fdch 14 dn\u00ed.<\/td>\n<\/tr>\n<tr>\n<td>Opera\u010dn\u00fd syst\u00e9m<\/td>\n<td style=\"text-align: center;\" colspan=\"4\">CentOS 6\/7\/8, Debian 8\/9\/10, Fedora 31\/32, Gentoo Linux\nUbuntu Xenial\/Eonic\/Eoan\/Focal<\/td>\n<\/tr>\n<tr>\n<td colspan=\"5\"><\/td>\n<\/tr>\n<tr>\n<td>Konektivita<\/td>\n<td style=\"text-align: center;\" colspan=\"4\">Server bude prostredn\u00edctvom n\u00e1\u0161ho zariadenia za\u010dlenen\u00fd do va\u0161ej intranetovej siete.<\/td>\n<\/tr>\n<tr>\n<td>IPv4 adresa<\/td>\n<td style=\"text-align: center;\" colspan=\"4\">zatia\u013e nie je mo\u017en\u00e9 objedna\u0165<\/td>\n<\/tr>\n<tr>\n<td>IPv6 adresa<\/td>\n<td style=\"text-align: center;\" colspan=\"4\">zatia\u013e nie je mo\u017en\u00e9 objedna\u0165<\/td>\n<\/tr>\n<\/tbody>\n<\/table>\n<p>&nbsp;<\/p>\n<p style=\"text-align: center;\"><span style=\"font-size: 14px;\"><strong>Po dohode je mo\u017en\u00e9 objedna\u0165 server a\u017e s kapacitou 32 GB RAM a s 16 vCPU.<br>\n<\/strong>V pr\u00edpade z\u00e1ujmu n\u00e1s pros\u00edm kontaktujte telefonicky alebo prostredn\u00edctvom <a href=\"\/index.php\/contact\/\">kontaktn\u00e9ho formul\u00e1ra<\/a>.<\/span><\/p>\t\t\t\t\t<\/div>\n\t\t\t\t\t\t<\/div>\n\t\t\t\t<\/div>\n\t\t\t\t\t\t<\/div>\n\t\t\t\t\t<\/div>\n\t\t<\/div>\n\t\t\t\t\t\t\t\t<\/div>\n\t\t\t\t\t<\/div>\n\t\t<\/section>\n\t\t\t\t\t\t<\/div>\n\t\t\t\t\t\t<\/div>\n\t\t\t\t\t<\/div>\n\t\t","protected":false},"excerpt":{"rendered":"Drobec Pre nen\u00e1ro\u010dn\u00fdch \u0160tandardn\u00e1 vo\u013eba Pre n\u00e1ro\u010dn\u00fdch Cena vr\u00e1tane DPH \/ mesiac 7,54 \u20ac 8,66 \u20ac 17,31 \u20ac 34,62 \u20ac Typ servera VPS Po\u010det procesorov 1 vCPU 1 vCPU 2 vCPU 4 vCPU Pam\u00e4\u0165 1 Gb 2 Gb 4 Gb 8 Gb Miesto pre d\u00e1ta 20 Gb 40 Gb 80 Gb 160 Gb Miesto pre ","protected":false},"author":1,"featured_media":0,"parent":0,"menu_order":0,"comment_status":"closed","ping_status":"closed","template":"","meta":[],"_links":{"self":[{"href":"https:\/\/www.up2cloud.eu\/index.php\/wp-json\/wp\/v2\/pages\/1029"}],"collection":[{"href":"https:\/\/www.up2cloud.eu\/index.php\/wp-json\/wp\/v2\/pages"}],"about":[{"href":"https:\/\/www.up2cloud.eu\/index.php\/wp-json\/wp\/v2\/types\/page"}],"author":[{"embeddable":true,"href":"https:\/\/www.up2cloud.eu\/index.php\/wp-json\/wp\/v2\/users\/1"}],"replies":[{"embeddable":true,"href":"https:\/\/www.up2cloud.eu\/index.php\/wp-json\/wp\/v2\/comments?post=1029"}],"version-history":[{"count":3,"href":"https:\/\/www.up2cloud.eu\/index.php\/wp-json\/wp\/v2\/pages\/1029\/revisions"}],"predecessor-version":[{"id":1048,"href":"https:\/\/www.up2cloud.eu\/index.php\/wp-json\/wp\/v2\/pages\/1029\/revisions\/1048"}],"wp:attachment":[{"href":"https:\/\/www.up2cloud.eu\/index.php\/wp-json\/wp\/v2\/media?parent=1029"}],"curies":[{"name":"wp","href":"https:\/\/api.w.org\/{rel}","templated":true}]}}