{"id":1026,"date":"2020-10-28T14:33:41","date_gmt":"2020-10-28T12:33:41","guid":{"rendered":"https:\/\/www.up2cloud.eu\/?page_id=1026"},"modified":"2020-10-28T14:44:11","modified_gmt":"2020-10-28T12:44:11","slug":"dedikovany-server","status":"publish","type":"page","link":"https:\/\/www.up2cloud.eu\/index.php\/dedikovany-server\/","title":{"rendered":"Dedikovan\u00fd server"},"content":{"rendered":"\t\t<div data-elementor-type=\"wp-page\" data-elementor-id=\"1026\" class=\"elementor elementor-1026\" data-elementor-settings=\"[]\">\n\t\t\t\t\t\t<div class=\"elementor-inner\">\n\t\t\t\t\t\t\t<div class=\"elementor-section-wrap\">\n\t\t\t\t\t\t\t<section class=\"elementor-section elementor-top-section elementor-element elementor-element-8ae357b elementor-section-boxed elementor-section-height-default elementor-section-height-default\" data-id=\"8ae357b\" data-element_type=\"section\">\n\t\t\t\t\t\t<div class=\"elementor-container elementor-column-gap-default\">\n\t\t\t\t\t\t\t<div class=\"elementor-row\">\n\t\t\t\t\t<div class=\"elementor-column elementor-col-100 elementor-top-column elementor-element elementor-element-6343216\" data-id=\"6343216\" data-element_type=\"column\">\n\t\t\t<div class=\"elementor-column-wrap elementor-element-populated\">\n\t\t\t\t\t\t\t<div class=\"elementor-widget-wrap\">\n\t\t\t\t\t\t<div class=\"elementor-element elementor-element-772a4d3 elementor-widget elementor-widget-text-editor\" data-id=\"772a4d3\" data-element_type=\"widget\" data-widget_type=\"text-editor.default\">\n\t\t\t\t<div class=\"elementor-widget-container\">\n\t\t\t\t\t\t\t\t<div class=\"elementor-text-editor elementor-clearfix\">\n\t\t\t\t\t<table style=\"border: solid 1px #ffffff;\">\n<thead>\n<tr>\n<th style=\"width: 25%; text-align: center;\"><\/th>\n<th style=\"width: 25%; text-align: center;\">Pre nen\u00e1ro\u010dn\u00fdch<\/th>\n<th style=\"width: 25%; text-align: center;\">\u0160tandardn\u00e1 vo\u013eba<\/th>\n<th style=\"width: 25%; text-align: center;\">Pre n\u00e1ro\u010dn\u00fdch<\/th>\n<\/tr>\n<\/thead>\n<tbody>\n<tr>\n<td>Cena vr\u00e1tane DPH\n\/ mesiac<\/td>\n<td style=\"text-align: center;\">17,31 \u20ac<\/td>\n<td style=\"text-align: center;\">34,62 \u20ac<\/td>\n<td style=\"text-align: center;\">69,24 \u20ac<\/td>\n<\/tr>\n<tr>\n<td>Typ servera<\/td>\n<td style=\"text-align: center;\" colspan=\"3\">Dedikovan\u00fd server<\/td>\n<\/tr>\n<tr>\n<td>Po\u010det procesorov<\/td>\n<td style=\"text-align: center;\">1 vCPU<\/td>\n<td style=\"text-align: center;\">2 vCPU<\/td>\n<td style=\"text-align: center;\">4 vCPU<\/td>\n<\/tr>\n<tr>\n<td>Pam\u00e4\u0165<\/td>\n<td style=\"text-align: center;\">2 Gb<\/td>\n<td style=\"text-align: center;\">4 Gb<\/td>\n<td style=\"text-align: center;\">8 Gb<\/td>\n<\/tr>\n<tr>\n<td>Miesto pre d\u00e1ta<\/td>\n<td style=\"text-align: center;\">40 Gb<\/td>\n<td style=\"text-align: center;\">80 Gb<\/td>\n<td style=\"text-align: center;\">160 Gb<\/td>\n<\/tr>\n<tr>\n<td>Miesto pre z\u00e1lohy<\/td>\n<td style=\"text-align: center;\" colspan=\"3\">K dispoz\u00edcii s\u00fa z\u00e1lohy cel\u00e9ho servera z predo\u0161l\u00fdch 14 dn\u00ed.<\/td>\n<\/tr>\n<tr>\n<td>Opera\u010dn\u00fd syst\u00e9m<\/td>\n<td style=\"text-align: center;\" colspan=\"3\">CentOS 6\/7\/8, Debian 8\/9\/10, Fedora 31\/32, Gentoo Linux\nUbuntu Xenial\/Eonic\/Eoan\/Focal, MS Windows 10\/2012\/2016<\/td>\n<\/tr>\n<tr>\n<td colspan=\"4\"><\/td>\n<\/tr>\n<tr>\n<td>Konektivita<\/td>\n<td style=\"text-align: center;\" colspan=\"3\">Server bude prostredn\u00edctvom n\u00e1\u0161ho zariadenia za\u010dlenen\u00fd do va\u0161ej intranetovej siete.<\/td>\n<\/tr>\n<tr>\n<td>IPv4 adresa<\/td>\n<td style=\"text-align: center;\" colspan=\"3\">zatia\u013e nie je mo\u017en\u00e9 objedna\u0165<\/td>\n<\/tr>\n<tr>\n<td>IPv6 adresa<\/td>\n<td style=\"text-align: center;\" colspan=\"3\">zatia\u013e nie je mo\u017en\u00e9 objedna\u0165<\/td>\n<\/tr>\n<\/tbody>\n<\/table>\n<p>&nbsp;<\/p>\n<p style=\"text-align: center;\">Po dohode je mo\u017en\u00e9 objedna\u0165 server a\u017e s kapacitou 32 GB RAM a s 16 vCPU.<br\/>\nV pr\u00edpade z\u00e1ujmu n\u00e1s pros\u00edm kontaktujte telefonicky alebo prostredn\u00edctvom <a href=\"\/index.php\/contact\/\">kontaktn\u00e9ho formul\u00e1ra<\/a>.<\/p>\n\t\t\t\t\t<\/div>\n\t\t\t\t\t\t<\/div>\n\t\t\t\t<\/div>\n\t\t\t\t\t\t<\/div>\n\t\t\t\t\t<\/div>\n\t\t<\/div>\n\t\t\t\t\t\t\t\t<\/div>\n\t\t\t\t\t<\/div>\n\t\t<\/section>\n\t\t\t\t\t\t<\/div>\n\t\t\t\t\t\t<\/div>\n\t\t\t\t\t<\/div>\n\t\t","protected":false},"excerpt":{"rendered":"Pre nen\u00e1ro\u010dn\u00fdch \u0160tandardn\u00e1 vo\u013eba Pre n\u00e1ro\u010dn\u00fdch Cena vr\u00e1tane DPH \/ mesiac 17,31 \u20ac 34,62 \u20ac 69,24 \u20ac Typ servera Dedikovan\u00fd server Po\u010det procesorov 1 vCPU 2 vCPU 4 vCPU Pam\u00e4\u0165 2 Gb 4 Gb 8 Gb Miesto pre d\u00e1ta 40 Gb 80 Gb 160 Gb Miesto pre z\u00e1lohy K dispoz\u00edcii s\u00fa z\u00e1lohy cel\u00e9ho servera z ","protected":false},"author":1,"featured_media":0,"parent":0,"menu_order":0,"comment_status":"closed","ping_status":"closed","template":"","meta":[],"_links":{"self":[{"href":"https:\/\/www.up2cloud.eu\/index.php\/wp-json\/wp\/v2\/pages\/1026"}],"collection":[{"href":"https:\/\/www.up2cloud.eu\/index.php\/wp-json\/wp\/v2\/pages"}],"about":[{"href":"https:\/\/www.up2cloud.eu\/index.php\/wp-json\/wp\/v2\/types\/page"}],"author":[{"embeddable":true,"href":"https:\/\/www.up2cloud.eu\/index.php\/wp-json\/wp\/v2\/users\/1"}],"replies":[{"embeddable":true,"href":"https:\/\/www.up2cloud.eu\/index.php\/wp-json\/wp\/v2\/comments?post=1026"}],"version-history":[{"count":4,"href":"https:\/\/www.up2cloud.eu\/index.php\/wp-json\/wp\/v2\/pages\/1026\/revisions"}],"predecessor-version":[{"id":1044,"href":"https:\/\/www.up2cloud.eu\/index.php\/wp-json\/wp\/v2\/pages\/1026\/revisions\/1044"}],"wp:attachment":[{"href":"https:\/\/www.up2cloud.eu\/index.php\/wp-json\/wp\/v2\/media?parent=1026"}],"curies":[{"name":"wp","href":"https:\/\/api.w.org\/{rel}","templated":true}]}}